{"id":5189,"date":"2024-07-04T10:42:29","date_gmt":"2024-07-04T08:42:29","guid":{"rendered":"https:\/\/climax-swiss.ch\/cgc\/"},"modified":"2026-04-06T14:44:07","modified_gmt":"2026-04-06T12:44:07","slug":"cgc","status":"publish","type":"page","link":"https:\/\/climax-swiss.ch\/it\/cgc\/","title":{"rendered":"CGC"},"content":{"rendered":"<div class=\"fusion-fullwidth fullwidth-box fusion-builder-row-1 fusion-flex-container has-pattern-background has-mask-background nonhundred-percent-fullwidth non-hundred-percent-height-scrolling\" style=\"--awb-border-radius-top-left:0px;--awb-border-radius-top-right:0px;--awb-border-radius-bottom-right:0px;--awb-border-radius-bottom-left:0px;--awb-flex-wrap:wrap;\" ><div class=\"fusion-builder-row fusion-row fusion-flex-align-items-flex-start fusion-flex-content-wrap\" style=\"max-width:1248px;margin-left: calc(-4% \/ 2 );margin-right: calc(-4% \/ 2 );\"><div class=\"fusion-layout-column fusion_builder_column fusion-builder-column-0 fusion_builder_column_1_1 1_1 fusion-flex-column\" style=\"--awb-bg-size:cover;--awb-width-large:100%;--awb-margin-top-large:0px;--awb-spacing-right-large:1.92%;--awb-margin-bottom-large:20px;--awb-spacing-left-large:1.92%;--awb-width-medium:100%;--awb-order-medium:0;--awb-spacing-right-medium:1.92%;--awb-spacing-left-medium:1.92%;--awb-width-small:100%;--awb-order-small:0;--awb-spacing-right-small:1.92%;--awb-spacing-left-small:1.92%;\"><div class=\"fusion-column-wrapper fusion-column-has-shadow fusion-flex-justify-content-flex-start fusion-content-layout-column\"><div class=\"fusion-text fusion-text-1\"><p><strong>1. Disposizioni generali<\/strong><br \/>\na) Le presenti CGC si applicano a tutti i contratti di compravendita e di appalto di Climax Swiss GmbH (di seguito &#8220;Climax&#8221;) con i partner specializzati (di seguito &#8220;Cliente&#8221;), a meno che non vengano presi accordi contrattuali particolari per iscritto in singoli casi o che non si applichino disposizioni di legge imperative. \u00c8 espressamente esclusa l&#8217;applicazione di condizioni contrarie o divergenti dalle presenti CGC, come ad esempio le condizioni generali del Cliente.<br \/>\nb) Le presenti CGC si applicano anche qualora Climax, pur essendo a conoscenza di condizioni contrarie o divergenti del Cliente, esegua la fornitura al Cliente senza riserve.<br \/>\nc) Accordi divergenti dalle presenti CGC sono validi solo se espressamente indicati per iscritto da Climax nell&#8217;offerta e\/o nella conferma d&#8217;ordine, oppure se concordati per iscritto tra Climax e il Cliente. <\/p>\n<p><strong>2. Offerta\/Conclusione del contratto<\/strong><br \/>\na) Le informazioni contenute in offerte, prospetti, cataloghi, disegni, piani, sul sito web di Climax, ecc. si basano sui dati validi al momento della formulazione dell&#8217;offerta.<br \/>\nb) I diritti del Cliente derivanti dal contratto non sono trasferibili. I prodotti possono essere venduti solo ai clienti finali; la rivendita a terzi (ad es. intermediari) \u00e8 vietata.<br \/>\nc) Il Cliente rileva le misure utilizzando i moduli di rilievo misure validi di Climax. L&#8217;invio di un modulo di rilievo misure \u00e8 considerato un ordine vincolante, cos\u00ec come l&#8217;ordine effettuato tramite il nostro e-shop.<br \/>\nd) I costi per modifiche successive dell&#8217;ordine, come in particolare i costi per oneri supplementari di Climax, l&#8217;adeguamento o l&#8217;interruzione della produzione, i prodotti fabbricati in modo errato (incluso il loro smaltimento), ecc. sono a carico del Cliente.  <\/p>\n<p><strong>3. Oggetto della prestazione e termini di consegna<\/strong><br \/>\na) L&#8217;oggetto della prestazione e i termini\/le scadenze di consegna risultano dall&#8217;offerta e\/o dalla conferma d&#8217;ordine di Climax e sono vincolanti, in linea di principio, solo quando Climax dispone di tutte le informazioni rilevanti per la produzione in modo definitivo.<br \/>\nb) I termini e le scadenze concordati iniziano a decorrere quando Climax riceve per iscritto tutte le decisioni e le informazioni necessarie per la fabbricazione.<br \/>\nc) Salvo diverso accordo espresso per iscritto, i termini e\/o le scadenze sono da intendersi come valori indicativi non vincolanti. Le date di esecuzione determinanti vengono concordate con il Cliente con un congruo anticipo. Le date fisse devono essere confermate esplicitamente e per iscritto da Climax al momento dell&#8217;ordine.<br \/>\nd) I termini e\/o le scadenze concordati si prorogano in modo adeguato in caso di adeguamenti successivi da parte del Cliente o qualora il Cliente sia in ritardo con le prestazioni o gli atti di collaborazione che rientrano nella sua sfera di responsabilit\u00e0. Una proroga adeguata dei termini concordati avviene anche in caso di ostacoli che esulano dalla sfera di influenza di Climax, come in particolare eventi di forza maggiore (ad es. eventi naturali, scioperi, epidemie e pandemie, disordini politici, conflitti bellici, provvedimenti delle autorit\u00e0, sanzioni), modifiche legislative, difficolt\u00e0 di importazione o di trasporto o simili. Il rispetto dei termini e\/o delle scadenze concordati \u00e8 inoltre subordinato alla corretta e tempestiva fornitura a Climax di materie prime e componenti. Le consegne parziali sono possibili in qualsiasi momento e restano riservate.<br \/>\ne) Qualora i ritardi siano inevitabili nonostante l&#8217;adozione di misure commercialmente ragionevoli, Climax informer\u00e0 tempestivamente il Cliente e concorder\u00e0 con lui l&#8217;ulteriore pianificazione delle scadenze. \u00c8 esclusa la responsabilit\u00e0 di Climax per eventuali danni, costi conseguenti e oneri in caso di modifica delle scadenze.   <\/p>\n<p><strong>4. Prezzi, condizioni di consegna e di pagamento<\/strong><br \/>\na) I prezzi e la loro validit\u00e0 risultano dal listino prezzi in vigore al momento dell&#8217;ordine. In caso di preventivi individuali, i prezzi sono validi per 30 giorni dalla data di emissione dell&#8217;offerta.<br \/>\nb) Salvo diverso accordo, le fatture sono pagabili entro 30 giorni dalla data di fatturazione, senza detrazioni e senza compensazioni.<br \/>\nc) Le fatture vengono inviate elettronicamente all&#8217;indirizzo e-mail indicato dal Cliente il giorno della consegna. <\/p>\n<p><strong>5. Garanzia<\/strong><br \/>\na) La garanzia sui prodotti Climax \u00e8 di 4 anni dalla data di consegna. Per i motori Somfy, Elero e Geiger la garanzia \u00e8 di 5 anni.<br \/>\nb) Eventuali difetti devono essere segnalati immediatamente per iscritto entro il periodo di garanzia, documentandoli con foto\/video. Le parti difettose saranno sostituite o riparate. Sono espressamente esclusi ulteriori diritti di garanzia, come ad esempio il rimborso dei costi per l&#8217;eliminazione dei difetti presso il cliente finale, la responsabilit\u00e0 per danni conseguenti ai difetti di qualsiasi tipo e la responsabilit\u00e0 per pretese di terzi. Sono inoltre esclusi i diritti di garanzia e di responsabilit\u00e0 in seguito a un uso improprio (ad es. in caso di tempesta, grandine, pulizia), in caso di mancata osservanza delle istruzioni di montaggio, uso e manutenzione, nonch\u00e9 per le parti soggette a usura. La riparazione o l&#8217;uso di pezzi di ricambio di terzi fanno decadere il diritto alla garanzia.     <\/p>\n<p><strong>6. Foro competente e diritto applicabile<\/strong><br \/>\nIl foro competente per le controversie \u00e8 esclusivamente quello della sede di Climax (Altendorf). Si applica il diritto svizzero. <\/p>\n<p>CLIMAX SWISS GmbH, Talstrasse 1, 8852 Altendorf<\/p>\n<\/div><\/div><\/div><\/div><\/div>\n","protected":false},"excerpt":{"rendered":"","protected":false},"author":2,"featured_media":0,"parent":0,"menu_order":0,"comment_status":"closed","ping_status":"closed","template":"","meta":{"footnotes":""},"class_list":["post-5189","page","type-page","status-publish","hentry"],"yoast_head":"<!-- This site is optimized with the Yoast SEO plugin v27.5 - https:\/\/yoast.com\/product\/yoast-seo-wordpress\/ -->\n<title>CGC | Climax Swiss GmbH<\/title>\n<meta name=\"robots\" content=\"index, follow, max-snippet:-1, max-image-preview:large, max-video-preview:-1\" \/>\n<link rel=\"canonical\" href=\"https:\/\/climax-swiss.ch\/it\/cgc\/\" \/>\n<meta property=\"og:locale\" content=\"it_IT\" \/>\n<meta property=\"og:type\" content=\"article\" \/>\n<meta property=\"og:title\" content=\"CGC | Climax Swiss GmbH\" \/>\n<meta property=\"og:url\" content=\"https:\/\/climax-swiss.ch\/it\/cgc\/\" \/>\n<meta property=\"og:site_name\" content=\"Climax Swiss GmbH\" \/>\n<meta property=\"article:publisher\" content=\"https:\/\/www.facebook.com\/people\/Climax-Swiss\/100028941474745\/#\" \/>\n<meta property=\"article:modified_time\" content=\"2026-04-06T12:44:07+00:00\" \/>\n<meta property=\"og:image\" content=\"https:\/\/climax-swiss.ch\/wp-content\/uploads\/2025\/02\/c-80-venkovni-zaluzie-2012-09_21.webp\" \/>\n\t<meta property=\"og:image:width\" content=\"1920\" \/>\n\t<meta property=\"og:image:height\" content=\"1280\" \/>\n\t<meta property=\"og:image:type\" content=\"image\/webp\" \/>\n<meta name=\"twitter:card\" content=\"summary_large_image\" \/>\n<meta name=\"twitter:label1\" content=\"Tempo di lettura stimato\" \/>\n\t<meta name=\"twitter:data1\" content=\"9 minuti\" \/>\n<script type=\"application\/ld+json\" class=\"yoast-schema-graph\">{\"@context\":\"https:\\\/\\\/schema.org\",\"@graph\":[{\"@type\":\"WebPage\",\"@id\":\"https:\\\/\\\/climax-swiss.ch\\\/it\\\/cgc\\\/\",\"url\":\"https:\\\/\\\/climax-swiss.ch\\\/it\\\/cgc\\\/\",\"name\":\"CGC | Climax Swiss GmbH\",\"isPartOf\":{\"@id\":\"https:\\\/\\\/climax-swiss.ch\\\/it\\\/#website\"},\"datePublished\":\"2024-07-04T08:42:29+00:00\",\"dateModified\":\"2026-04-06T12:44:07+00:00\",\"breadcrumb\":{\"@id\":\"https:\\\/\\\/climax-swiss.ch\\\/it\\\/cgc\\\/#breadcrumb\"},\"inLanguage\":\"it-IT\",\"potentialAction\":[{\"@type\":\"ReadAction\",\"target\":[\"https:\\\/\\\/climax-swiss.ch\\\/it\\\/cgc\\\/\"]}]},{\"@type\":\"BreadcrumbList\",\"@id\":\"https:\\\/\\\/climax-swiss.ch\\\/it\\\/cgc\\\/#breadcrumb\",\"itemListElement\":[{\"@type\":\"ListItem\",\"position\":1,\"name\":\"Home\",\"item\":\"https:\\\/\\\/climax-swiss.ch\\\/it\\\/\"},{\"@type\":\"ListItem\",\"position\":2,\"name\":\"CGC\"}]},{\"@type\":\"WebSite\",\"@id\":\"https:\\\/\\\/climax-swiss.ch\\\/it\\\/#website\",\"url\":\"https:\\\/\\\/climax-swiss.ch\\\/it\\\/\",\"name\":\"Climax Swiss GmbH\",\"description\":\"\",\"publisher\":{\"@id\":\"https:\\\/\\\/climax-swiss.ch\\\/it\\\/#organization\"},\"alternateName\":\"Climax\",\"potentialAction\":[{\"@type\":\"SearchAction\",\"target\":{\"@type\":\"EntryPoint\",\"urlTemplate\":\"https:\\\/\\\/climax-swiss.ch\\\/it\\\/?s={search_term_string}\"},\"query-input\":{\"@type\":\"PropertyValueSpecification\",\"valueRequired\":true,\"valueName\":\"search_term_string\"}}],\"inLanguage\":\"it-IT\"},{\"@type\":\"Organization\",\"@id\":\"https:\\\/\\\/climax-swiss.ch\\\/it\\\/#organization\",\"name\":\"Climax Swiss GmbH\",\"alternateName\":\"Climax\",\"url\":\"https:\\\/\\\/climax-swiss.ch\\\/it\\\/\",\"logo\":{\"@type\":\"ImageObject\",\"inLanguage\":\"it-IT\",\"@id\":\"https:\\\/\\\/climax-swiss.ch\\\/it\\\/#\\\/schema\\\/logo\\\/image\\\/\",\"url\":\"https:\\\/\\\/climax-swiss.ch\\\/wp-content\\\/uploads\\\/2024\\\/06\\\/favicon.png\",\"contentUrl\":\"https:\\\/\\\/climax-swiss.ch\\\/wp-content\\\/uploads\\\/2024\\\/06\\\/favicon.png\",\"width\":100,\"height\":100,\"caption\":\"Climax Swiss GmbH\"},\"image\":{\"@id\":\"https:\\\/\\\/climax-swiss.ch\\\/it\\\/#\\\/schema\\\/logo\\\/image\\\/\"},\"sameAs\":[\"https:\\\/\\\/www.facebook.com\\\/people\\\/Climax-Swiss\\\/100028941474745\\\/#\"]}]}<\/script>\n<!-- \/ Yoast SEO plugin. -->","yoast_head_json":{"title":"CGC | Climax Swiss GmbH","robots":{"index":"index","follow":"follow","max-snippet":"max-snippet:-1","max-image-preview":"max-image-preview:large","max-video-preview":"max-video-preview:-1"},"canonical":"https:\/\/climax-swiss.ch\/it\/cgc\/","og_locale":"it_IT","og_type":"article","og_title":"CGC | Climax Swiss GmbH","og_url":"https:\/\/climax-swiss.ch\/it\/cgc\/","og_site_name":"Climax Swiss GmbH","article_publisher":"https:\/\/www.facebook.com\/people\/Climax-Swiss\/100028941474745\/#","article_modified_time":"2026-04-06T12:44:07+00:00","og_image":[{"width":1920,"height":1280,"url":"https:\/\/climax-swiss.ch\/wp-content\/uploads\/2025\/02\/c-80-venkovni-zaluzie-2012-09_21.webp","type":"image\/webp"}],"twitter_card":"summary_large_image","twitter_misc":{"Tempo di lettura stimato":"9 minuti"},"schema":{"@context":"https:\/\/schema.org","@graph":[{"@type":"WebPage","@id":"https:\/\/climax-swiss.ch\/it\/cgc\/","url":"https:\/\/climax-swiss.ch\/it\/cgc\/","name":"CGC | Climax Swiss GmbH","isPartOf":{"@id":"https:\/\/climax-swiss.ch\/it\/#website"},"datePublished":"2024-07-04T08:42:29+00:00","dateModified":"2026-04-06T12:44:07+00:00","breadcrumb":{"@id":"https:\/\/climax-swiss.ch\/it\/cgc\/#breadcrumb"},"inLanguage":"it-IT","potentialAction":[{"@type":"ReadAction","target":["https:\/\/climax-swiss.ch\/it\/cgc\/"]}]},{"@type":"BreadcrumbList","@id":"https:\/\/climax-swiss.ch\/it\/cgc\/#breadcrumb","itemListElement":[{"@type":"ListItem","position":1,"name":"Home","item":"https:\/\/climax-swiss.ch\/it\/"},{"@type":"ListItem","position":2,"name":"CGC"}]},{"@type":"WebSite","@id":"https:\/\/climax-swiss.ch\/it\/#website","url":"https:\/\/climax-swiss.ch\/it\/","name":"Climax Swiss GmbH","description":"","publisher":{"@id":"https:\/\/climax-swiss.ch\/it\/#organization"},"alternateName":"Climax","potentialAction":[{"@type":"SearchAction","target":{"@type":"EntryPoint","urlTemplate":"https:\/\/climax-swiss.ch\/it\/?s={search_term_string}"},"query-input":{"@type":"PropertyValueSpecification","valueRequired":true,"valueName":"search_term_string"}}],"inLanguage":"it-IT"},{"@type":"Organization","@id":"https:\/\/climax-swiss.ch\/it\/#organization","name":"Climax Swiss GmbH","alternateName":"Climax","url":"https:\/\/climax-swiss.ch\/it\/","logo":{"@type":"ImageObject","inLanguage":"it-IT","@id":"https:\/\/climax-swiss.ch\/it\/#\/schema\/logo\/image\/","url":"https:\/\/climax-swiss.ch\/wp-content\/uploads\/2024\/06\/favicon.png","contentUrl":"https:\/\/climax-swiss.ch\/wp-content\/uploads\/2024\/06\/favicon.png","width":100,"height":100,"caption":"Climax Swiss GmbH"},"image":{"@id":"https:\/\/climax-swiss.ch\/it\/#\/schema\/logo\/image\/"},"sameAs":["https:\/\/www.facebook.com\/people\/Climax-Swiss\/100028941474745\/#"]}]}},"_links":{"self":[{"href":"https:\/\/climax-swiss.ch\/it\/wp-json\/wp\/v2\/pages\/5189","targetHints":{"allow":["GET"]}}],"collection":[{"href":"https:\/\/climax-swiss.ch\/it\/wp-json\/wp\/v2\/pages"}],"about":[{"href":"https:\/\/climax-swiss.ch\/it\/wp-json\/wp\/v2\/types\/page"}],"author":[{"embeddable":true,"href":"https:\/\/climax-swiss.ch\/it\/wp-json\/wp\/v2\/users\/2"}],"replies":[{"embeddable":true,"href":"https:\/\/climax-swiss.ch\/it\/wp-json\/wp\/v2\/comments?post=5189"}],"version-history":[{"count":2,"href":"https:\/\/climax-swiss.ch\/it\/wp-json\/wp\/v2\/pages\/5189\/revisions"}],"predecessor-version":[{"id":5191,"href":"https:\/\/climax-swiss.ch\/it\/wp-json\/wp\/v2\/pages\/5189\/revisions\/5191"}],"wp:attachment":[{"href":"https:\/\/climax-swiss.ch\/it\/wp-json\/wp\/v2\/media?parent=5189"}],"curies":[{"name":"wp","href":"https:\/\/api.w.org\/{rel}","templated":true}]}}